{"id":368113,"date":"2024-10-28T13:45:11","date_gmt":"2024-10-28T13:45:11","guid":{"rendered":"https:\/\/auxiliarveterinariaalgeciras.es\/?page_id=368113"},"modified":"2024-11-14T10:38:24","modified_gmt":"2024-11-14T10:38:24","slug":"aviso-legal","status":"publish","type":"page","link":"https:\/\/auxiliarveterinariaalgeciras.es\/index.php\/aviso-legal\/","title":{"rendered":"Aviso Legal"},"content":{"rendered":"\n<p>El presente aviso legal establece las condiciones de uso del sitio web\u00a0www.veterinariaelestrecho.es.es de\u00a0\u00a0OZONOTERAPIA VETERINARIA S.L.\u00a0\u00a0 con CIF B-72232713 en adelante\u00a0\u00a0Ozonoterapia Veterinaria, con domicilio en\u00a0\u00a0ALGECIRAS Avenida Bruselas Blq. 3 Local 103\/104, Algeciras (C\u00e1diz) inscrita en el tomo 2105, folio 109, inscripci\u00f3n 1, con hoja CA-45818.<\/p>\n\n\n\n<p><strong>Legislaci\u00f3n<\/strong><\/p>\n\n\n\n<p>&nbsp;Con car\u00e1cter general las relaciones entre&nbsp;&nbsp;OZONOTERAPIA VETERINARIA&nbsp;con los Usuarios de sus servicios telem\u00e1ticos, presentes en este sitio&nbsp; web, se encuentran sometidas a la legislaci\u00f3n y jurisdicci\u00f3n espa\u00f1olas.<\/p>\n\n\n\n<p>&nbsp;<strong>Uso y acceso de Usuarios<\/strong><\/p>\n\n\n\n<p>El Usuario queda informado, y acepta, que el acceso a la presente web no supone, en modo alguno, el inicio de una relaci\u00f3n comercial con&nbsp;&nbsp;OZONOTERAPIA VETERINARIA.<\/p>\n\n\n\n<p><strong>Propiedad intelectual e industrial<\/strong><\/p>\n\n\n\n<p>Los derechos de propiedad intelectual del contenido de las p\u00e1ginas web, su dise\u00f1o gr\u00e1fico y c\u00f3digos son titularidad de&nbsp;&nbsp;OZONOTERAPIA VETERINARIA&nbsp;y, por tanto, queda prohibida su reproducci\u00f3n, distribuci\u00f3n, comunicaci\u00f3n p\u00fablica, transformaci\u00f3n o cualquier otra actividad que se pueda realizar con los contenidos de sus p\u00e1ginas web ni aun citando las fuentes, salvo consentimiento por escrito de&nbsp;OZONOTERAPIA VETERINARIA.<\/p>\n\n\n\n<p><strong>Contenido de la web y enlaces (links)<\/strong><\/p>\n\n\n\n<p>&nbsp;OZONOTERAPIA VETERINARIA&nbsp;se reserva el derecho a actualizar, modificar o eliminar la informaci\u00f3n contenida en sus p\u00e1ginas web pudiendo incluso limitar o no permitir el acceso a dicha informaci\u00f3n a ciertos usuarios.<\/p>\n\n\n\n<p>&nbsp;OZONOTERAPIA VETERINARIA&nbsp;no asume responsabilidad alguna por la informaci\u00f3n contenida en p\u00e1ginas web de terceros a las que se pueda acceder por&nbsp;\u201clinks\u201d&nbsp;o enlaces desde cualquier p\u00e1gina web propiedad de&nbsp;&nbsp;OZONOTERAPIA VETERINARIA.&nbsp;La presencia de&nbsp;\u201clinks\u201d&nbsp;o enlaces en las p\u00e1ginas web de&nbsp;&nbsp;OZONOTERAPIA VETERINARIA&nbsp;&nbsp;tiene finalidad meramente informativa y en ning\u00fan caso supone sugerencia, invitaci\u00f3n o recomendaci\u00f3n sobre los mismos.<\/p>\n\n\n\n<p><strong>PROTECCION DE DATOS<\/strong><\/p>\n\n\n\n<p>A efectos de lo previsto en la Ley Org\u00e1nica 15\/1999, de 13 de diciembre, de Protecci\u00f3n de Datos de Car\u00e1cter Personal&nbsp;&nbsp;OZONOTERAPIA VETERINARIA&nbsp;&nbsp;informa al Usuario de la existencia de&nbsp;&nbsp;ficheros automatizados de datos de car\u00e1cter personal denominados&nbsp;PROMOCION COMERCIAL, &nbsp; CLIENTES y RECURSOS HUMANOS&nbsp;en los que pueden ser incluidos los datos que nos llegan a trav\u00e9s de la web,&nbsp;&nbsp;&nbsp;inscritos en el R.G.P.D. (Registro General&nbsp; de Protecci\u00f3n de Datos),y cuyas finalidades&nbsp;principales&nbsp;son&nbsp;&nbsp;realizar acciones comerciales ofreciendo productos y servicios y el envi\u00f3 de informaci\u00f3n en el \u00e1mbito de la actividad de la empresa, el&nbsp;control, gesti\u00f3n, mantenimiento y facturaci\u00f3n de los clientes&nbsp;y&nbsp;participar en los distintos procesos de selecci\u00f3n realizados por&nbsp;&nbsp;OZONOTERAPIA VETERINARIA&nbsp;&nbsp;respectivamente<\/p>\n\n\n\n<p><strong>ENVIO Y REGISTRO DE DATOS DE CAR\u00c1CTER PERSONAL<\/strong><\/p>\n\n\n\n<p>&nbsp;El env\u00edo de datos de car\u00e1cter personal es obligatorio para contactar y recibir informaci\u00f3n sobre los servicios prestados por&nbsp;OZONOTERAPIA VETERINARIA&nbsp;&nbsp;Asimismo, el no facilitar los datos personales solicitados o el no aceptar la presente pol\u00edtica de protecci\u00f3n de datos supone la imposibilidad de suscribirse, registrarse o recibir informaci\u00f3n de dichos servicios.<\/p>\n\n\n\n<p>De acuerdo a lo establecido en la Ley Org\u00e1nica 15\/1999, de 13 de diciembre, de Protecci\u00f3n de Datos de Car\u00e1cter Personal, le informamos que los datos personales que se obtengan como consecuencia de su env\u00edo de datos personales, ser\u00e1n incorporados a un fichero titularidad de&nbsp;&nbsp;OZONOTERAPIA VETERINARIA&nbsp;&nbsp;con domicilio&nbsp;Avenida Bruselas Blq 3 Local 103\/104 en Algeciras (C\u00e1diz),&nbsp;teniendo implementadas todas las medidas de seguridad establecidas en el Real&nbsp;Decreto1720\/2007,&nbsp;de 21 de diciembre, por el que se aprueba el Reglamento de desarrollo de la LOPD.<\/p>\n\n\n\n<p>Exactitud y veracidad de los datos facilitados.<\/p>\n\n\n\n<p>&nbsp;El Usuario que env\u00eda la informaci\u00f3n a&nbsp;ELECTRODOMESTICOS JEREZ&nbsp;&nbsp;es el \u00fanico responsable de la veracidad y correcci\u00f3n de los datos incluidos, exoner\u00e1ndose a&nbsp;OZONOTERAPIA VETERINARIA&nbsp;&nbsp;&nbsp;de cualquier responsabilidad al respecto.<\/p>\n\n\n\n<p>Los usuarios garantizan y responden, en cualquier caso, de la exactitud, vigencia y autenticidad de los datos personales facilitados, y se comprometen a mantenerlos debidamente actualizados. El usuario acepta proporcionar informaci\u00f3n completa y correcta en el formulario de enviar correo consulta o encargar pedido.<\/p>\n\n\n\n<p>&nbsp;OZONOTERAPIA VETERINARIA&nbsp;&nbsp;no responde de la veracidad de las informaciones que no sean de elaboraci\u00f3n propia y de las que se indique otra fuente, por lo que tampoco asume responsabilidad alguna en cuanto a hipot\u00e9ticos perjuicios que pudieran originarse por el uso de dicha informaci\u00f3n.<\/p>\n\n\n\n<p>Se exonera a&nbsp;OZONOTERAPIA VETERINARIA&nbsp;&nbsp;de responsabilidad ante cualquier da\u00f1o o perjuicio que pudiera sufrir el Usuario como consecuencia de errores, defectos u omisiones, en la informaci\u00f3n facilitada por&nbsp;OZONOTERAPIA VETERINARIA&nbsp;&nbsp;siempre que proceda de fuentes ajenas a&nbsp;OZONOTERAPIA VETERINARIA.<\/p>\n\n\n\n<p>&nbsp;<strong>Cesi\u00f3n de datos a terceros<\/strong><\/p>\n\n\n\n<p>&nbsp;OZONOTERAPIA VETERINARIA&nbsp;&nbsp;no ceder\u00e1 los datos personales a terceros. No obstante, en el caso de ser cedidos a alg\u00fan tercero se producir\u00eda una informaci\u00f3n previa solicitando el consentimiento expreso del afectado. Exceptuando el acto de&nbsp;&nbsp;compra que&nbsp;&nbsp;&nbsp;implicara el consentimiento para el uso, tratamiento, y cesi\u00f3n de datos a todas las entidades que participen en la prestaci\u00f3n del servicio.<\/p>\n\n\n\n<p>&nbsp;&nbsp;Ejercicio de derechos de acceso, rectificaci\u00f3n, cancelaci\u00f3n y oposici\u00f3n<\/p>\n\n\n\n<p>Podr\u00e1 dirigir sus comunicaciones y ejercitar los derechos de acceso, rectificaci\u00f3n, cancelaci\u00f3n y oposici\u00f3n a trav\u00e9s de correo postal en Jerez de la Frontera, Avenida Puerta del Sur, local 7, o a trav\u00e9s de correo electr\u00f3nico&nbsp;&nbsp;junto con prueba v\u00e1lida en derecho, como fotocopia del D.N.I. e indicando en el asunto \u201cPROTECCI\u00d3N DE DATOS\u201d.<\/p>\n","protected":false},"excerpt":{"rendered":"<p>El presente aviso legal establece las condiciones de uso del sitio web\u00a0www.veterinariaelestrecho.es.es de\u00a0\u00a0OZONOTERAPIA VETERINARIA S.L.\u00a0\u00a0 con CIF B-72232713 en adelante\u00a0\u00a0Ozonoterapia Veterinaria, con domicilio en\u00a0\u00a0ALGECIRAS Avenida Bruselas Blq. 3 Local 103\/104, Algeciras (C\u00e1diz) inscrita en el tomo 2105, folio 109, inscripci\u00f3n 1, con hoja CA-45818. Legislaci\u00f3n &nbsp;Con car\u00e1cter general las relaciones entre&nbsp;&nbsp;OZONOTERAPIA VETERINARIA&nbsp;con los Usuarios de [&hellip;]<\/p>\n","protected":false},"author":1,"featured_media":0,"parent":0,"menu_order":0,"comment_status":"closed","ping_status":"closed","template":"page-template-blank.php","meta":{"_et_pb_use_builder":"off","_et_pb_old_content":"","_et_gb_content_width":"1080","footnotes":""},"class_list":["post-368113","page","type-page","status-publish","hentry"],"_links":{"self":[{"href":"https:\/\/auxiliarveterinariaalgeciras.es\/index.php\/wp-json\/wp\/v2\/pages\/368113","targetHints":{"allow":["GET"]}}],"collection":[{"href":"https:\/\/auxiliarveterinariaalgeciras.es\/index.php\/wp-json\/wp\/v2\/pages"}],"about":[{"href":"https:\/\/auxiliarveterinariaalgeciras.es\/index.php\/wp-json\/wp\/v2\/types\/page"}],"author":[{"embeddable":true,"href":"https:\/\/auxiliarveterinariaalgeciras.es\/index.php\/wp-json\/wp\/v2\/users\/1"}],"replies":[{"embeddable":true,"href":"https:\/\/auxiliarveterinariaalgeciras.es\/index.php\/wp-json\/wp\/v2\/comments?post=368113"}],"version-history":[{"count":2,"href":"https:\/\/auxiliarveterinariaalgeciras.es\/index.php\/wp-json\/wp\/v2\/pages\/368113\/revisions"}],"predecessor-version":[{"id":368118,"href":"https:\/\/auxiliarveterinariaalgeciras.es\/index.php\/wp-json\/wp\/v2\/pages\/368113\/revisions\/368118"}],"wp:attachment":[{"href":"https:\/\/auxiliarveterinariaalgeciras.es\/index.php\/wp-json\/wp\/v2\/media?parent=368113"}],"curies":[{"name":"wp","href":"https:\/\/api.w.org\/{rel}","templated":true}]}}