{"id":368115,"date":"2024-10-28T13:54:25","date_gmt":"2024-10-28T13:54:25","guid":{"rendered":"https:\/\/auxiliarveterinariaalgeciras.es\/?page_id=368115"},"modified":"2024-11-14T10:36:15","modified_gmt":"2024-11-14T10:36:15","slug":"declaracion-de-accesibilidad","status":"publish","type":"page","link":"https:\/\/auxiliarveterinariaalgeciras.es\/index.php\/declaracion-de-accesibilidad\/","title":{"rendered":"Declaraci\u00f3n de Accesibilidad"},"content":{"rendered":"\n<p><strong>OZONOTERAPIA VETERINARIA S.L. como beneficiario de KIT DIGITAL\u202f se ha comprometido a hacer accesible su sitio web de conformidad con el\u202f<\/strong><a href=\"https:\/\/www.boe.es\/eli\/es\/rd\/2018\/09\/07\/1112\/con\"><strong>Real Decreto 1112\/2018, de 7 de septiembre<\/strong><\/a><strong>, sobre accesibilidad de los sitios web y aplicaciones para dispositivos m\u00f3viles del sector p\u00fablico (en adelante, Real Decreto 1112\/2018, de 7 de septiembre).&nbsp;<\/strong><\/p>\n\n\n\n<p><strong>La presente declaraci\u00f3n de accesibilidad se aplica al sitio web\u202f<\/strong> <strong><a href=\"https:\/\/auxiliarveterinariaalgeciras.es\/\">https:\/\/auxiliarveterinariaalgeciras.es\/<\/a><\/strong><\/p>\n\n\n\n<h3 class=\"wp-block-heading\">Situaci\u00f3n de cumplimiento&nbsp;<\/h3>\n\n\n\n<p><strong>Este sitio web es\u202fplenamente conforme\u202fcon el Real Decreto 1112\/2018, de 7 de septiembre&nbsp;<\/strong><\/p>\n\n\n\n<h3 class=\"wp-block-heading\">Preparaci\u00f3n de la presente declaraci\u00f3n de accesibilidad&nbsp;<\/h3>\n\n\n\n<p><strong>La presente declaraci\u00f3n fue preparada el 20 de octubre de 2024.&nbsp;<\/strong><\/p>\n\n\n\n<p><strong>El m\u00e9todo empleado para preparar la declaraci\u00f3n ha sido una autoevaluaci\u00f3n llevada a cabo por la empresa de desarrollo web.&nbsp;<\/strong><\/p>\n\n\n\n<h3 class=\"wp-block-heading\">Observaciones y datos de contacto&nbsp;<\/h3>\n\n\n\n<p><strong>Puede realizar comunicaciones sobre requisitos de accesibilidad (art\u00edculo 10.2.a) del Real Decreto 1112\/2018, de 7 de septiembre) como, por ejemplo:&nbsp;<\/strong><\/p>\n\n\n\n<ul class=\"wp-block-list\">\n<li><strong>Informar sobre cualquier posible incumplimiento por parte de este sitio web.\u00a0<\/strong><\/li>\n\n\n\n<li><strong>Transmitir otras dificultades de acceso al contenido.\u00a0<\/strong><\/li>\n\n\n\n<li><strong>Formular cualquier otra consulta o sugerencia de mejora relativa a la accesibilidad del sitio web.\u00a0<\/strong><\/li>\n<\/ul>\n\n\n\n<p><strong>A trav\u00e9s de las siguientes v\u00edas:&nbsp;<\/strong><\/p>\n\n\n\n<ul class=\"wp-block-list\">\n<li><strong>Correo electr\u00f3nico: gestion@veterinariaelestrecho.com<\/strong><\/li>\n<\/ul>\n\n\n\n<p><strong>Tambi\u00e9n puede solicitar en formato accesible informaci\u00f3n que no cumpla con los requisitos de accesibilidad bien por estar excluida, bien por estar exenta por carga desproporcionada; o formular una queja por incumplimiento de los requisitos de accesibilidad.&nbsp;<\/strong><\/p>\n\n\n\n<p>\u202f&nbsp;<\/p>\n\n\n\n<h3 class=\"wp-block-heading\">Contenido opcional&nbsp;<\/h3>\n\n\n\n<p><strong>La versi\u00f3n actualmente visible de este sitio web es de septiembre de 2023&nbsp;<\/strong><\/p>\n\n\n\n<p><strong>El sitio web est\u00e1 optimizado para los navegadores Microsoft Internet Explorer 8.0\u202fo versiones superiores y las \u00faltimas versiones vigentes de FireFox, Safari, Opera y Google Chrome. La\u202fresoluci\u00f3n\u202fweb\u202fm\u00ednima\u202frecomendada es de\u202f1280\u00d71024.&nbsp;<\/strong><\/p>\n\n\n\n<p><strong>El sitio web est\u00e1 dise\u00f1ado para su visualizaci\u00f3n Responsive, con lo que se visualiza de forma \u00f3ptima en los dispositivos tablet y m\u00f3viles. En estos dispositivos est\u00e1 optimizado para su visualizaci\u00f3n en las \u00faltimas versiones vigentes de Chrome for mobile, Firefox for mobile, Safari mobile, Opera Mini y navegador nativo de Android.&nbsp;<\/strong><\/p>\n","protected":false},"excerpt":{"rendered":"<p>OZONOTERAPIA VETERINARIA S.L. como beneficiario de KIT DIGITAL\u202f se ha comprometido a hacer accesible su sitio web de conformidad con el\u202fReal Decreto 1112\/2018, de 7 de septiembre, sobre accesibilidad de los sitios web y aplicaciones para dispositivos m\u00f3viles del sector p\u00fablico (en adelante, Real Decreto 1112\/2018, de 7 de septiembre).&nbsp; La presente declaraci\u00f3n de accesibilidad [&hellip;]<\/p>\n","protected":false},"author":1,"featured_media":0,"parent":0,"menu_order":0,"comment_status":"closed","ping_status":"closed","template":"page-template-blank.php","meta":{"_et_pb_use_builder":"off","_et_pb_old_content":"","_et_gb_content_width":"1080","footnotes":""},"class_list":["post-368115","page","type-page","status-publish","hentry"],"_links":{"self":[{"href":"https:\/\/auxiliarveterinariaalgeciras.es\/index.php\/wp-json\/wp\/v2\/pages\/368115","targetHints":{"allow":["GET"]}}],"collection":[{"href":"https:\/\/auxiliarveterinariaalgeciras.es\/index.php\/wp-json\/wp\/v2\/pages"}],"about":[{"href":"https:\/\/auxiliarveterinariaalgeciras.es\/index.php\/wp-json\/wp\/v2\/types\/page"}],"author":[{"embeddable":true,"href":"https:\/\/auxiliarveterinariaalgeciras.es\/index.php\/wp-json\/wp\/v2\/users\/1"}],"replies":[{"embeddable":true,"href":"https:\/\/auxiliarveterinariaalgeciras.es\/index.php\/wp-json\/wp\/v2\/comments?post=368115"}],"version-history":[{"count":2,"href":"https:\/\/auxiliarveterinariaalgeciras.es\/index.php\/wp-json\/wp\/v2\/pages\/368115\/revisions"}],"predecessor-version":[{"id":368119,"href":"https:\/\/auxiliarveterinariaalgeciras.es\/index.php\/wp-json\/wp\/v2\/pages\/368115\/revisions\/368119"}],"wp:attachment":[{"href":"https:\/\/auxiliarveterinariaalgeciras.es\/index.php\/wp-json\/wp\/v2\/media?parent=368115"}],"curies":[{"name":"wp","href":"https:\/\/api.w.org\/{rel}","templated":true}]}}